{"id":7,"date":"2019-09-29T03:58:25","date_gmt":"2019-09-29T06:58:25","guid":{"rendered":"https:\/\/sites.grandecircular.com\/biztecnologia\/solucoes\/"},"modified":"2019-12-06T12:10:35","modified_gmt":"2019-12-06T15:10:35","slug":"solucoes","status":"publish","type":"page","link":"https:\/\/sites.grandecircular.com\/biztecnologia\/solucoes\/","title":{"rendered":"Conhe\u00e7a nossas solu\u00e7\u00f5es"},"content":{"rendered":"\n<h3 class=\"wp-block-heading\">Nossos produtos<\/h3>\n\n\n\n<div class=\"wp-block-columns has-4-columns is-layout-flex wp-container-core-columns-is-layout-9d6595d7 wp-block-columns-is-layout-flex\">\n<div class=\"wp-block-column is-layout-flow wp-block-column-is-layout-flow\">\n<h6 class=\"wp-block-heading\"> Informatica <\/h6>\n\n\n\n<ul class=\"wp-block-list\"><li><a href=\"https:\/\/www.informatica.com\/br\/products\/cloud-integration.html\">Intelligent Cloud Service<\/a><\/li><li><a href=\"https:\/\/www.informatica.com\/br\/products\/data-quality\/axon-data-governance.html\">Axon Data Governance<\/a><\/li><li><a href=\"https:\/\/www.informatica.com\/br\/products\/data-security\/secure-at-source.html\">Secure@Source<\/a><\/li><li><a href=\"https:\/\/www.informatica.com\/br\/products\/data-integration\/powercenter.html\">Power Center<\/a> <\/li><\/ul>\n<\/div>\n\n\n\n<div class=\"wp-block-column is-layout-flow wp-block-column-is-layout-flow\">\n<h6 class=\"wp-block-heading\"> Microsoft <\/h6>\n\n\n\n<ul class=\"wp-block-list\"><li><a rel=\"noreferrer noopener\" href=\"https:\/\/powerbi.microsoft.com\/pt-br\/\" target=\"_blank\">Power BI<\/a><\/li><li><a href=\"https:\/\/www.microsoft.com\/pt-br\/sql-server\/\">SQL Server Data Platform<\/a><\/li><li><a rel=\"noreferrer noopener\" href=\"https:\/\/azure.microsoft.com\/en-us\/overview\/\" target=\"_blank\">Azure<\/a> <\/li><\/ul>\n<\/div>\n\n\n\n<div class=\"wp-block-column is-layout-flow wp-block-column-is-layout-flow\"><\/div>\n\n\n\n<div class=\"wp-block-column is-layout-flow wp-block-column-is-layout-flow\">\n<h6 class=\"wp-block-heading\"><\/h6>\n<\/div>\n<\/div>\n","protected":false},"excerpt":{"rendered":"<p>Nossos produtos Informatica Intelligent Cloud Service Axon Data Governance Secure@Source Power Center Microsoft Power BI SQL Server Data Platform Azure<\/p>\n","protected":false},"author":3,"featured_media":0,"parent":0,"menu_order":0,"comment_status":"close","ping_status":"close","template":"page-solutions.php","meta":{"footnotes":""},"class_list":["post-7","page","type-page","status-publish","hentry"],"jetpack_sharing_enabled":true,"_links":{"self":[{"href":"https:\/\/sites.grandecircular.com\/biztecnologia\/wp-json\/wp\/v2\/pages\/7","targetHints":{"allow":["GET"]}}],"collection":[{"href":"https:\/\/sites.grandecircular.com\/biztecnologia\/wp-json\/wp\/v2\/pages"}],"about":[{"href":"https:\/\/sites.grandecircular.com\/biztecnologia\/wp-json\/wp\/v2\/types\/page"}],"author":[{"embeddable":true,"href":"https:\/\/sites.grandecircular.com\/biztecnologia\/wp-json\/wp\/v2\/users\/3"}],"replies":[{"embeddable":true,"href":"https:\/\/sites.grandecircular.com\/biztecnologia\/wp-json\/wp\/v2\/comments?post=7"}],"version-history":[{"count":11,"href":"https:\/\/sites.grandecircular.com\/biztecnologia\/wp-json\/wp\/v2\/pages\/7\/revisions"}],"predecessor-version":[{"id":983,"href":"https:\/\/sites.grandecircular.com\/biztecnologia\/wp-json\/wp\/v2\/pages\/7\/revisions\/983"}],"wp:attachment":[{"href":"https:\/\/sites.grandecircular.com\/biztecnologia\/wp-json\/wp\/v2\/media?parent=7"}],"curies":[{"name":"wp","href":"https:\/\/api.w.org\/{rel}","templated":true}]}}